{"id":2322,"date":"2023-06-19T09:40:26","date_gmt":"2023-06-19T07:40:26","guid":{"rendered":"https:\/\/www.deutscherfilmpodcast.de\/?page_id=2322"},"modified":"2024-04-23T00:22:14","modified_gmt":"2024-04-22T22:22:14","slug":"das-ist-der-dfp","status":"publish","type":"page","link":"https:\/\/www.deutscherfilmpodcast.de\/","title":{"rendered":"Das ist der DFP"},"content":{"rendered":"\n<p>Seit 2018 bespricht der Deutsche Filmpodcast alles, was es so Richtung Bewegtbild gibt.<\/p>\n\n\n\n<p>Also Filme, Serien und ab und zu auch mal TV-Formate.<\/p>\n\n\n\n<p>Fester Host ist Luke Leonard, welcher im Laufe der Zeit drei Co-Moderatoren hatte: Tobi Ornot, Kai Nada und Janosch. Dar\u00fcber hinaus waren \u00fcber die Jahre diverse gro\u00dfartige G\u00e4ste als Interviewpartner, Gespr\u00e4chspartner sowie Review-Einspieler dabei.<\/p>\n\n\n\n<p>Dar\u00fcber hinaus gibt es einige feste Events:<\/p>\n\n\n\n<ul class=\"wp-block-list\">\n<li>Die Verleihung der GOLDENEN HOLLYWOODSCHAUKEL findet jedes Jahr im Januar statt, und zeichnet die Lieblingsfilme des vergangenen Jahres aus.<\/li>\n<\/ul>\n\n\n\n<ul class=\"wp-block-list\">\n<li>Die Deutsche Krempelbar bespricht seit 2022 immer kurz nach den Academy Awards die Oscar Verleihung, immer sehr ausf\u00fchrlich und mit MovieSteve vom Krempelcast und Trailerschnack sowie Jendrik von Neulich Inner Bar und der Band Von Grambusch.<\/li>\n<\/ul>\n\n\n\n<p><\/p>\n\n\n\n<p>Die Deutsche Krempelbar bespricht seit 2022 immer kurz nach den Academy Awards die Oscar Verleihung, immer sehr ausf\u00fchrlich und mit MovieSteve vom Krempelcast und Trailerschnack sowie Jendrik von Neulich Inner Bar und der Band Von Grambusch.<\/p>\n\n\n\n<p>Und machen wir uns nichts vor: Ein Podcast lebt von seinen Episoden, und nicht von der Homepage \ud83d\ude42 <\/p>\n\n\n\n<p>Also: H\u00f6rt in den Cast, ihr findet ihn bei allen g\u00e4ngigen Portalen. Und sollte er irgendwo nicht sein: Meldet euch. Das k\u00f6nnt ihr \u00fcber<a href=\"https:\/\/www.instagram.com\/deutscherfilmpodcast\/\"> Instagram<\/a> machen, oder per Mail an: Redaktion@DeutscherFilmpodcast.de <\/p>\n\n\n\n<p>Apropos<a href=\"https:\/\/www.instagram.com\/deutscherfilmpodcast\/\"> Instagram<\/a>: Auch da sind wir aktiv, und freuen uns \u00fcber Follower.<\/p>\n\n\n\n<p>Komm, geht los!<\/p>\n","protected":false},"excerpt":{"rendered":"<p>Seit 2018 bespricht der Deutsche Filmpodcast alles, was es so Richtung Bewegtbild gibt. Also Filme, Serien und ab und zu auch mal TV-Formate. Fester Host ist Luke Leonard, welcher im Laufe der Zeit drei Co-Moderatoren hatte: Tobi Ornot, Kai Nada und Janosch. Dar\u00fcber hinaus waren \u00fcber die Jahre diverse gro\u00dfartige G\u00e4ste als Interviewpartner, Gespr\u00e4chspartner sowie &hellip; <a href=\"https:\/\/www.deutscherfilmpodcast.de\/\" class=\"more-link\"><span class=\"screen-reader-text\">Das ist der DFP<\/span> weiterlesen<\/a><\/p>\n","protected":false},"author":2904,"featured_media":0,"parent":0,"menu_order":0,"comment_status":"closed","ping_status":"closed","template":"","meta":{"enclosure":"","podcast_author":"","podcast_copyright":"","podcast_website":"","podcast_logo":"","footnotes":""},"class_list":["post-2322","page","type-page","status-publish","hentry"],"jetpack_sharing_enabled":true,"jetpack_shortlink":"https:\/\/wp.me\/Pau4We-Bs","jetpack-related-posts":[],"_links":{"self":[{"href":"https:\/\/www.deutscherfilmpodcast.de\/index.php\/wp-json\/wp\/v2\/pages\/2322","targetHints":{"allow":["GET"]}}],"collection":[{"href":"https:\/\/www.deutscherfilmpodcast.de\/index.php\/wp-json\/wp\/v2\/pages"}],"about":[{"href":"https:\/\/www.deutscherfilmpodcast.de\/index.php\/wp-json\/wp\/v2\/types\/page"}],"author":[{"embeddable":true,"href":"https:\/\/www.deutscherfilmpodcast.de\/index.php\/wp-json\/wp\/v2\/users\/2904"}],"replies":[{"embeddable":true,"href":"https:\/\/www.deutscherfilmpodcast.de\/index.php\/wp-json\/wp\/v2\/comments?post=2322"}],"version-history":[{"count":6,"href":"https:\/\/www.deutscherfilmpodcast.de\/index.php\/wp-json\/wp\/v2\/pages\/2322\/revisions"}],"predecessor-version":[{"id":2451,"href":"https:\/\/www.deutscherfilmpodcast.de\/index.php\/wp-json\/wp\/v2\/pages\/2322\/revisions\/2451"}],"wp:attachment":[{"href":"https:\/\/www.deutscherfilmpodcast.de\/index.php\/wp-json\/wp\/v2\/media?parent=2322"}],"curies":[{"name":"wp","href":"https:\/\/api.w.org\/{rel}","templated":true}]}}